{"id":27,"date":"2024-02-25T23:32:51","date_gmt":"2024-02-25T22:32:51","guid":{"rendered":"https:\/\/damorelunardi.it\/?page_id=27"},"modified":"2024-03-27T23:47:00","modified_gmt":"2024-03-27T22:47:00","slug":"lavorazioni","status":"publish","type":"page","link":"https:\/\/damorelunardi.it\/it\/lavorazioni\/","title":{"rendered":"Lavorazioni"},"content":{"rendered":"<p>I rivestimenti protettivi interni ed esterni proteggono il tubo dagli agenti corrosivi e impediscono interazioni di natura chimica e meccanica con le pareti delle condotte. L&#8217;efficacia e la qualit\u00e0 del rivestimento determinano pertanto la qualit\u00e0 del tubo e la sua affidabilit\u00e0 di comportamento nel tempo.<\/p>\n<p>La corrosione pu\u00f2 essere definita come la degradazione di un\u00a0materiale a causa di una reazione chimica con l&#8217;ambiente ed \u00e8 tipica\u00a0dei materiali metallici di cui fanno parte le tubazioni in acciaio.<\/p>\n<p>Le cause pi\u00f9 frequenti della corrosione sulla superficie esterna delle\u00a0tubazioni in acciaio dipendono da differenti fattori presenti nel luogo\u00a0di posa quali: resistenza ed aggressivit\u00e0 del terreno, correnti\u00a0galvaniche locali, correnti vaganti (es. prossimit\u00e0 con ferrovie e\u00a0metropolitane).<\/p>\n<p>Le cause pi\u00f9 frequenti della corrosione sulla superficie interna\u00a0dipendono da: aggressivit\u00e0 dei fluidi per effetto della condensa,\u00a0composizione chimica e particelle in sospensione nel fluido\u00a0trasportato.<\/p>\n<p>La corrosione non pu\u00f2 essere totalmente eliminata ma pu\u00f2 essere\u00a0ridotta drasticamente con metodi di protezione Passiva o Attiva.<\/p>\n<p>La protezione Passiva fa ricorso a rivestimenti isolanti, eseguiti sulle\u00a0superfici esterne dei tubi in acciaio, che hanno la capacit\u00e0 di ridurre\u00a0gli scambi di corrente tra la superficie esterna del tubo ed il terreno.<\/p>\n<p>I\u00a0rivestimenti esterni sono aderenti al metallo, resistenti agli urti, alle\u00a0abrasioni, alle aggressioni atmosferiche e a tutti quei fattori sopra\u00a0citati.<\/p>\n<p>Sono realizzati con bitume, tessuto di vetro, resine\u00a0poliuretaniche, resine epossidiche e poliestere.<\/p>\n<p>Sulla superficie interna dei tubi in acciaio vengono eseguiti\u00a0rivestimenti che la preservano dall&#8217;attacco dei fluidi trasportati e\u00a0sono realizzati principalmente con resine epossidiche bi-componenti\u00a0di caratteristiche differenti a seconda dell&#8217;impiego.<\/p>\n<p>E&#8217; in questo campo che rientra il ciclo di lavorazioni di rivestimento\u00a0effettuate presso i nostri stabilimenti.<\/p>\n<p>La protezione Attiva invece viene eseguita sul luogo di posa per\u00a0mezzo di anodi sacrificali o corrente impressa.<\/p>\n","protected":false},"excerpt":{"rendered":"<p>I rivestimenti protettivi interni ed esterni proteggono il tubo dagli agenti corrosivi e impediscono interazioni di natura chimica e meccanica&#8230;<\/p>\n","protected":false},"author":1,"featured_media":390,"parent":0,"menu_order":0,"comment_status":"closed","ping_status":"closed","template":"template-mainpage.php","meta":{"_acf_changed":false,"footnotes":""},"class_list":["post-27","page","type-page","status-publish","has-post-thumbnail","hentry"],"acf":[],"yoast_head":"<!-- This site is optimized with the Yoast SEO plugin v27.6 - https:\/\/yoast.com\/product\/yoast-seo-wordpress\/ -->\n<title>Lavorazioni - D&#039;Amore &amp; Lunardi SpA<\/title>\n<meta name=\"robots\" content=\"index, follow, max-snippet:-1, max-image-preview:large, max-video-preview:-1\" \/>\n<link rel=\"canonical\" href=\"https:\/\/damorelunardi.it\/it\/lavorazioni\/\" \/>\n<meta property=\"og:locale\" content=\"it_IT\" \/>\n<meta property=\"og:type\" content=\"article\" \/>\n<meta property=\"og:title\" content=\"Lavorazioni - D&#039;Amore &amp; Lunardi SpA\" \/>\n<meta property=\"og:description\" content=\"I rivestimenti protettivi interni ed esterni proteggono il tubo dagli agenti corrosivi e impediscono interazioni di natura chimica e meccanica...\" \/>\n<meta property=\"og:url\" content=\"https:\/\/damorelunardi.it\/it\/lavorazioni\/\" \/>\n<meta property=\"og:site_name\" content=\"D&#039;Amore &amp; Lunardi SpA\" \/>\n<meta property=\"article:modified_time\" content=\"2024-03-27T22:47:00+00:00\" \/>\n<meta property=\"og:image\" content=\"https:\/\/damorelunardi.it\/wp-content\/uploads\/corrosion_1.jpg\" \/>\n\t<meta property=\"og:image:width\" content=\"1600\" \/>\n\t<meta property=\"og:image:height\" content=\"720\" \/>\n\t<meta property=\"og:image:type\" content=\"image\/jpeg\" \/>\n<meta name=\"twitter:card\" content=\"summary_large_image\" \/>\n<meta name=\"twitter:label1\" content=\"Tempo di lettura stimato\" \/>\n\t<meta name=\"twitter:data1\" content=\"1 minuto\" \/>\n<script type=\"application\/ld+json\" class=\"yoast-schema-graph\">{\"@context\":\"https:\\\/\\\/schema.org\",\"@graph\":[{\"@type\":\"WebPage\",\"@id\":\"https:\\\/\\\/damorelunardi.it\\\/it\\\/lavorazioni\\\/\",\"url\":\"https:\\\/\\\/damorelunardi.it\\\/it\\\/lavorazioni\\\/\",\"name\":\"Lavorazioni - D&#039;Amore &amp; Lunardi SpA\",\"isPartOf\":{\"@id\":\"https:\\\/\\\/damorelunardi.it\\\/it\\\/#website\"},\"primaryImageOfPage\":{\"@id\":\"https:\\\/\\\/damorelunardi.it\\\/it\\\/lavorazioni\\\/#primaryimage\"},\"image\":{\"@id\":\"https:\\\/\\\/damorelunardi.it\\\/it\\\/lavorazioni\\\/#primaryimage\"},\"thumbnailUrl\":\"https:\\\/\\\/damorelunardi.it\\\/wp-content\\\/uploads\\\/corrosion_1.jpg\",\"datePublished\":\"2024-02-25T22:32:51+00:00\",\"dateModified\":\"2024-03-27T22:47:00+00:00\",\"breadcrumb\":{\"@id\":\"https:\\\/\\\/damorelunardi.it\\\/it\\\/lavorazioni\\\/#breadcrumb\"},\"inLanguage\":\"it-IT\",\"potentialAction\":[{\"@type\":\"ReadAction\",\"target\":[\"https:\\\/\\\/damorelunardi.it\\\/it\\\/lavorazioni\\\/\"]}]},{\"@type\":\"ImageObject\",\"inLanguage\":\"it-IT\",\"@id\":\"https:\\\/\\\/damorelunardi.it\\\/it\\\/lavorazioni\\\/#primaryimage\",\"url\":\"https:\\\/\\\/damorelunardi.it\\\/wp-content\\\/uploads\\\/corrosion_1.jpg\",\"contentUrl\":\"https:\\\/\\\/damorelunardi.it\\\/wp-content\\\/uploads\\\/corrosion_1.jpg\",\"width\":1600,\"height\":720},{\"@type\":\"BreadcrumbList\",\"@id\":\"https:\\\/\\\/damorelunardi.it\\\/it\\\/lavorazioni\\\/#breadcrumb\",\"itemListElement\":[{\"@type\":\"ListItem\",\"position\":1,\"name\":\"Home\",\"item\":\"https:\\\/\\\/damorelunardi.it\\\/it\\\/\"},{\"@type\":\"ListItem\",\"position\":2,\"name\":\"Lavorazioni\"}]},{\"@type\":\"WebSite\",\"@id\":\"https:\\\/\\\/damorelunardi.it\\\/it\\\/#website\",\"url\":\"https:\\\/\\\/damorelunardi.it\\\/it\\\/\",\"name\":\"D'Amore & Lunardi SpA\",\"description\":\"\",\"publisher\":{\"@id\":\"https:\\\/\\\/damorelunardi.it\\\/it\\\/#organization\"},\"potentialAction\":[{\"@type\":\"SearchAction\",\"target\":{\"@type\":\"EntryPoint\",\"urlTemplate\":\"https:\\\/\\\/damorelunardi.it\\\/it\\\/?s={search_term_string}\"},\"query-input\":{\"@type\":\"PropertyValueSpecification\",\"valueRequired\":true,\"valueName\":\"search_term_string\"}}],\"inLanguage\":\"it-IT\"},{\"@type\":\"Organization\",\"@id\":\"https:\\\/\\\/damorelunardi.it\\\/it\\\/#organization\",\"name\":\"D'Amore & Lunardi SpA\",\"url\":\"https:\\\/\\\/damorelunardi.it\\\/it\\\/\",\"logo\":{\"@type\":\"ImageObject\",\"inLanguage\":\"it-IT\",\"@id\":\"https:\\\/\\\/damorelunardi.it\\\/it\\\/#\\\/schema\\\/logo\\\/image\\\/\",\"url\":\"https:\\\/\\\/damorelunardi.it\\\/wp-content\\\/uploads\\\/logo.png\",\"contentUrl\":\"https:\\\/\\\/damorelunardi.it\\\/wp-content\\\/uploads\\\/logo.png\",\"width\":400,\"height\":71,\"caption\":\"D'Amore & Lunardi SpA\"},\"image\":{\"@id\":\"https:\\\/\\\/damorelunardi.it\\\/it\\\/#\\\/schema\\\/logo\\\/image\\\/\"}}]}<\/script>\n<!-- \/ Yoast SEO plugin. -->","yoast_head_json":{"title":"Lavorazioni - D&#039;Amore &amp; Lunardi SpA","robots":{"index":"index","follow":"follow","max-snippet":"max-snippet:-1","max-image-preview":"max-image-preview:large","max-video-preview":"max-video-preview:-1"},"canonical":"https:\/\/damorelunardi.it\/it\/lavorazioni\/","og_locale":"it_IT","og_type":"article","og_title":"Lavorazioni - D&#039;Amore &amp; Lunardi SpA","og_description":"I rivestimenti protettivi interni ed esterni proteggono il tubo dagli agenti corrosivi e impediscono interazioni di natura chimica e meccanica...","og_url":"https:\/\/damorelunardi.it\/it\/lavorazioni\/","og_site_name":"D&#039;Amore &amp; Lunardi SpA","article_modified_time":"2024-03-27T22:47:00+00:00","og_image":[{"width":1600,"height":720,"url":"https:\/\/damorelunardi.it\/wp-content\/uploads\/corrosion_1.jpg","type":"image\/jpeg"}],"twitter_card":"summary_large_image","twitter_misc":{"Tempo di lettura stimato":"1 minuto"},"schema":{"@context":"https:\/\/schema.org","@graph":[{"@type":"WebPage","@id":"https:\/\/damorelunardi.it\/it\/lavorazioni\/","url":"https:\/\/damorelunardi.it\/it\/lavorazioni\/","name":"Lavorazioni - D&#039;Amore &amp; Lunardi SpA","isPartOf":{"@id":"https:\/\/damorelunardi.it\/it\/#website"},"primaryImageOfPage":{"@id":"https:\/\/damorelunardi.it\/it\/lavorazioni\/#primaryimage"},"image":{"@id":"https:\/\/damorelunardi.it\/it\/lavorazioni\/#primaryimage"},"thumbnailUrl":"https:\/\/damorelunardi.it\/wp-content\/uploads\/corrosion_1.jpg","datePublished":"2024-02-25T22:32:51+00:00","dateModified":"2024-03-27T22:47:00+00:00","breadcrumb":{"@id":"https:\/\/damorelunardi.it\/it\/lavorazioni\/#breadcrumb"},"inLanguage":"it-IT","potentialAction":[{"@type":"ReadAction","target":["https:\/\/damorelunardi.it\/it\/lavorazioni\/"]}]},{"@type":"ImageObject","inLanguage":"it-IT","@id":"https:\/\/damorelunardi.it\/it\/lavorazioni\/#primaryimage","url":"https:\/\/damorelunardi.it\/wp-content\/uploads\/corrosion_1.jpg","contentUrl":"https:\/\/damorelunardi.it\/wp-content\/uploads\/corrosion_1.jpg","width":1600,"height":720},{"@type":"BreadcrumbList","@id":"https:\/\/damorelunardi.it\/it\/lavorazioni\/#breadcrumb","itemListElement":[{"@type":"ListItem","position":1,"name":"Home","item":"https:\/\/damorelunardi.it\/it\/"},{"@type":"ListItem","position":2,"name":"Lavorazioni"}]},{"@type":"WebSite","@id":"https:\/\/damorelunardi.it\/it\/#website","url":"https:\/\/damorelunardi.it\/it\/","name":"D'Amore & Lunardi SpA","description":"","publisher":{"@id":"https:\/\/damorelunardi.it\/it\/#organization"},"potentialAction":[{"@type":"SearchAction","target":{"@type":"EntryPoint","urlTemplate":"https:\/\/damorelunardi.it\/it\/?s={search_term_string}"},"query-input":{"@type":"PropertyValueSpecification","valueRequired":true,"valueName":"search_term_string"}}],"inLanguage":"it-IT"},{"@type":"Organization","@id":"https:\/\/damorelunardi.it\/it\/#organization","name":"D'Amore & Lunardi SpA","url":"https:\/\/damorelunardi.it\/it\/","logo":{"@type":"ImageObject","inLanguage":"it-IT","@id":"https:\/\/damorelunardi.it\/it\/#\/schema\/logo\/image\/","url":"https:\/\/damorelunardi.it\/wp-content\/uploads\/logo.png","contentUrl":"https:\/\/damorelunardi.it\/wp-content\/uploads\/logo.png","width":400,"height":71,"caption":"D'Amore & Lunardi SpA"},"image":{"@id":"https:\/\/damorelunardi.it\/it\/#\/schema\/logo\/image\/"}}]}},"_links":{"self":[{"href":"https:\/\/damorelunardi.it\/it\/wp-json\/wp\/v2\/pages\/27","targetHints":{"allow":["GET"]}}],"collection":[{"href":"https:\/\/damorelunardi.it\/it\/wp-json\/wp\/v2\/pages"}],"about":[{"href":"https:\/\/damorelunardi.it\/it\/wp-json\/wp\/v2\/types\/page"}],"author":[{"embeddable":true,"href":"https:\/\/damorelunardi.it\/it\/wp-json\/wp\/v2\/users\/1"}],"replies":[{"embeddable":true,"href":"https:\/\/damorelunardi.it\/it\/wp-json\/wp\/v2\/comments?post=27"}],"version-history":[{"count":7,"href":"https:\/\/damorelunardi.it\/it\/wp-json\/wp\/v2\/pages\/27\/revisions"}],"predecessor-version":[{"id":411,"href":"https:\/\/damorelunardi.it\/it\/wp-json\/wp\/v2\/pages\/27\/revisions\/411"}],"wp:featuredmedia":[{"embeddable":true,"href":"https:\/\/damorelunardi.it\/it\/wp-json\/wp\/v2\/media\/390"}],"wp:attachment":[{"href":"https:\/\/damorelunardi.it\/it\/wp-json\/wp\/v2\/media?parent=27"}],"curies":[{"name":"wp","href":"https:\/\/api.w.org\/{rel}","templated":true}]}}